{"id":2539,"date":"2018-08-06T08:30:34","date_gmt":"2018-08-06T08:30:34","guid":{"rendered":"https:\/\/heliosnordic.com\/sample-page\/"},"modified":"2023-09-28T13:29:50","modified_gmt":"2023-09-28T11:29:50","slug":"sample-page","status":"publish","type":"page","link":"https:\/\/heliosnordic.com\/fi\/","title":{"rendered":"Kotisivu"},"content":{"rendered":"","protected":false},"excerpt":{"rendered":"","protected":false},"author":2,"featured_media":0,"parent":0,"menu_order":0,"comment_status":"closed","ping_status":"open","template":"","meta":{"_acf_changed":false,"inline_featured_image":false,"footnotes":""},"class_list":["post-2539","page","type-page","status-publish","hentry"],"acf":[],"yoast_head":"<!-- This site is optimized with the Yoast SEO plugin v27.4 - https:\/\/yoast.com\/product\/yoast-seo-wordpress\/ -->\n<title>Kotisivu - Helios Nordic Energy<\/title>\n<meta name=\"description\" content=\"Helios Nordic Energy utvecklar storskaliga solcellsparker i Norden. Vi har samlat all den expertis som beh\u00f6vs f\u00f6r att s\u00e4kerst\u00e4lla l\u00f6nsamma och leveranss\u00e4kra solcellsprojekt. Vi tar hand om alla moment som utg\u00f6r utvecklingsfasen i ett projekt.\" \/>\n<meta name=\"robots\" content=\"index, follow, max-snippet:-1, max-image-preview:large, max-video-preview:-1\" \/>\n<link rel=\"canonical\" href=\"https:\/\/heliosnordic.com\/fi\/\" \/>\n<meta property=\"og:locale\" content=\"fi_FI\" \/>\n<meta property=\"og:type\" content=\"article\" \/>\n<meta property=\"og:title\" content=\"Kotisivu - Helios Nordic Energy\" \/>\n<meta property=\"og:description\" content=\"Helios Nordic Energy utvecklar storskaliga solcellsparker i Norden. Vi har samlat all den expertis som beh\u00f6vs f\u00f6r att s\u00e4kerst\u00e4lla l\u00f6nsamma och leveranss\u00e4kra solcellsprojekt. Vi tar hand om alla moment som utg\u00f6r utvecklingsfasen i ett projekt.\" \/>\n<meta property=\"og:url\" content=\"https:\/\/heliosnordic.com\/fi\/\" \/>\n<meta property=\"og:site_name\" content=\"Helios Nordic Energy\" \/>\n<meta property=\"article:modified_time\" content=\"2023-09-28T11:29:50+00:00\" \/>\n<meta property=\"og:image\" content=\"https:\/\/media.heliosnordic.com\/2021\/09\/helios-sharepic.jpg\" \/>\n\t<meta property=\"og:image:width\" content=\"1200\" \/>\n\t<meta property=\"og:image:height\" content=\"628\" \/>\n\t<meta property=\"og:image:type\" content=\"image\/jpeg\" \/>\n<meta name=\"twitter:card\" content=\"summary_large_image\" \/>\n<script type=\"application\/ld+json\" class=\"yoast-schema-graph\">{\"@context\":\"https:\\\/\\\/schema.org\",\"@graph\":[{\"@type\":\"WebPage\",\"@id\":\"https:\\\/\\\/heliosnordic.com\\\/fi\\\/\",\"url\":\"https:\\\/\\\/heliosnordic.com\\\/fi\\\/\",\"name\":\"Kotisivu - Helios Nordic Energy\",\"isPartOf\":{\"@id\":\"https:\\\/\\\/heliosnordic.com\\\/#website\"},\"datePublished\":\"2018-08-06T08:30:34+00:00\",\"dateModified\":\"2023-09-28T11:29:50+00:00\",\"description\":\"Helios Nordic Energy utvecklar storskaliga solcellsparker i Norden. Vi har samlat all den expertis som beh\u00f6vs f\u00f6r att s\u00e4kerst\u00e4lla l\u00f6nsamma och leveranss\u00e4kra solcellsprojekt. Vi tar hand om alla moment som utg\u00f6r utvecklingsfasen i ett projekt.\",\"breadcrumb\":{\"@id\":\"https:\\\/\\\/heliosnordic.com\\\/fi\\\/#breadcrumb\"},\"inLanguage\":\"fi\",\"potentialAction\":[{\"@type\":\"ReadAction\",\"target\":[\"https:\\\/\\\/heliosnordic.com\\\/fi\\\/\"]}]},{\"@type\":\"BreadcrumbList\",\"@id\":\"https:\\\/\\\/heliosnordic.com\\\/fi\\\/#breadcrumb\",\"itemListElement\":[{\"@type\":\"ListItem\",\"position\":1,\"name\":\"Hem\",\"item\":\"https:\\\/\\\/heliosnordic.com\\\/fi\\\/\"},{\"@type\":\"ListItem\",\"position\":2,\"name\":\"Kotisivu\"}]},{\"@type\":\"WebSite\",\"@id\":\"https:\\\/\\\/heliosnordic.com\\\/#website\",\"url\":\"https:\\\/\\\/heliosnordic.com\\\/\",\"name\":\"Helios Nordic Energy\",\"description\":\"Solar energy A down-to-earth solution\",\"potentialAction\":[{\"@type\":\"SearchAction\",\"target\":{\"@type\":\"EntryPoint\",\"urlTemplate\":\"https:\\\/\\\/heliosnordic.com\\\/?s={search_term_string}\"},\"query-input\":{\"@type\":\"PropertyValueSpecification\",\"valueRequired\":true,\"valueName\":\"search_term_string\"}}],\"inLanguage\":\"fi\"}]}<\/script>\n<!-- \/ Yoast SEO plugin. -->","yoast_head_json":{"title":"Kotisivu - Helios Nordic Energy","description":"Helios Nordic Energy utvecklar storskaliga solcellsparker i Norden. Vi har samlat all den expertis som beh\u00f6vs f\u00f6r att s\u00e4kerst\u00e4lla l\u00f6nsamma och leveranss\u00e4kra solcellsprojekt. Vi tar hand om alla moment som utg\u00f6r utvecklingsfasen i ett projekt.","robots":{"index":"index","follow":"follow","max-snippet":"max-snippet:-1","max-image-preview":"max-image-preview:large","max-video-preview":"max-video-preview:-1"},"canonical":"https:\/\/heliosnordic.com\/fi\/","og_locale":"fi_FI","og_type":"article","og_title":"Kotisivu - Helios Nordic Energy","og_description":"Helios Nordic Energy utvecklar storskaliga solcellsparker i Norden. Vi har samlat all den expertis som beh\u00f6vs f\u00f6r att s\u00e4kerst\u00e4lla l\u00f6nsamma och leveranss\u00e4kra solcellsprojekt. Vi tar hand om alla moment som utg\u00f6r utvecklingsfasen i ett projekt.","og_url":"https:\/\/heliosnordic.com\/fi\/","og_site_name":"Helios Nordic Energy","article_modified_time":"2023-09-28T11:29:50+00:00","og_image":[{"width":1200,"height":628,"url":"https:\/\/media.heliosnordic.com\/2021\/09\/helios-sharepic.jpg","type":"image\/jpeg"}],"twitter_card":"summary_large_image","schema":{"@context":"https:\/\/schema.org","@graph":[{"@type":"WebPage","@id":"https:\/\/heliosnordic.com\/fi\/","url":"https:\/\/heliosnordic.com\/fi\/","name":"Kotisivu - Helios Nordic Energy","isPartOf":{"@id":"https:\/\/heliosnordic.com\/#website"},"datePublished":"2018-08-06T08:30:34+00:00","dateModified":"2023-09-28T11:29:50+00:00","description":"Helios Nordic Energy utvecklar storskaliga solcellsparker i Norden. Vi har samlat all den expertis som beh\u00f6vs f\u00f6r att s\u00e4kerst\u00e4lla l\u00f6nsamma och leveranss\u00e4kra solcellsprojekt. Vi tar hand om alla moment som utg\u00f6r utvecklingsfasen i ett projekt.","breadcrumb":{"@id":"https:\/\/heliosnordic.com\/fi\/#breadcrumb"},"inLanguage":"fi","potentialAction":[{"@type":"ReadAction","target":["https:\/\/heliosnordic.com\/fi\/"]}]},{"@type":"BreadcrumbList","@id":"https:\/\/heliosnordic.com\/fi\/#breadcrumb","itemListElement":[{"@type":"ListItem","position":1,"name":"Hem","item":"https:\/\/heliosnordic.com\/fi\/"},{"@type":"ListItem","position":2,"name":"Kotisivu"}]},{"@type":"WebSite","@id":"https:\/\/heliosnordic.com\/#website","url":"https:\/\/heliosnordic.com\/","name":"Helios Nordic Energy","description":"Solar energy A down-to-earth solution","potentialAction":[{"@type":"SearchAction","target":{"@type":"EntryPoint","urlTemplate":"https:\/\/heliosnordic.com\/?s={search_term_string}"},"query-input":{"@type":"PropertyValueSpecification","valueRequired":true,"valueName":"search_term_string"}}],"inLanguage":"fi"}]}},"_links":{"self":[{"href":"https:\/\/heliosnordic.com\/fi\/wp-json\/wp\/v2\/pages\/2539","targetHints":{"allow":["GET"]}}],"collection":[{"href":"https:\/\/heliosnordic.com\/fi\/wp-json\/wp\/v2\/pages"}],"about":[{"href":"https:\/\/heliosnordic.com\/fi\/wp-json\/wp\/v2\/types\/page"}],"author":[{"embeddable":true,"href":"https:\/\/heliosnordic.com\/fi\/wp-json\/wp\/v2\/users\/2"}],"replies":[{"embeddable":true,"href":"https:\/\/heliosnordic.com\/fi\/wp-json\/wp\/v2\/comments?post=2539"}],"version-history":[{"count":8,"href":"https:\/\/heliosnordic.com\/fi\/wp-json\/wp\/v2\/pages\/2539\/revisions"}],"predecessor-version":[{"id":3153,"href":"https:\/\/heliosnordic.com\/fi\/wp-json\/wp\/v2\/pages\/2539\/revisions\/3153"}],"wp:attachment":[{"href":"https:\/\/heliosnordic.com\/fi\/wp-json\/wp\/v2\/media?parent=2539"}],"curies":[{"name":"wp","href":"https:\/\/api.w.org\/{rel}","templated":true}]}}